{"id":2290,"date":"2021-08-06T13:34:19","date_gmt":"2021-08-06T13:34:19","guid":{"rendered":"http:\/\/rkk.ee\/wordpress\/?page_id=2290"},"modified":"2021-09-12T15:20:50","modified_gmt":"2021-09-12T13:20:50","slug":"kallavere-by","status":"publish","type":"page","link":"https:\/\/rkk.ee\/sv\/kallavere-by\/","title":{"rendered":"Rootsi-Kallavere by"},"content":{"rendered":"<p>Rootsi-Kallavere by ligger ett par mil ifr\u00e5n Tallinns centrum och gr\u00e4nsar till stadsdelen Kallavere som \u00e4r en del av Maardu stad.<\/p>\n<p>Med sin placering har byn blivit en kontrastfylld plats. Bredvid stadens 9-v\u00e5ningshus ligger byn Rootsi-Kallavere med utformning bevarad \u00e4nda fr\u00e5n 1600-talet, begr\u00e4nsat av t\u00e4tbebyggt omr\u00e5de med ett tjugotal nya hus p\u00e5 Vanapere sl\u00e4tten. Vid Kallavere\u2013\u00dclgase v\u00e4gen \u00e4r ett \u00e4nnu t\u00e4tare planerat omr\u00e5de av tr\u00e4dg\u00e5rdstomter med ett tjugotal hus.<\/p>\n<p>Bygatan genom Rootsi \u2013Kallavere \u00e4r ett minne om tiden n\u00e4r gatan var byns puls\u00e5der. Vid betraktelse \u00e4r det l\u00e4tt att stanna upp till eftertanke och t\u00e4nka om gammal historia som hembygdsf\u00f6reningen v\u00e5rdar i sitt museum och i de gamla hush\u00e5llsbyggnader l\u00e4ngs den pittoreska bygatan. Att se och k\u00e4nna hur nutid och historia m\u00f6ts h\u00e4r just nu i den gamla byn hj\u00e4lper oss att hitta v\u00e5ra r\u00f6tter f\u00f6r att sedan f\u00e5 ta med det som \u00e4r v\u00e4rdefullt arv f\u00f6r oss och v\u00e5ra barn.<\/p>\n<p>Rootsi-Kallavere \u00e4r en plats som framkallar k\u00e4nslor och tankar.<\/p>\n","protected":false},"excerpt":{"rendered":"<p>Rootsi-Kallavere by ligger ett par mil ifr\u00e5n Tallinns centrum och gr\u00e4nsar till stadsdelen Kallavere som \u00e4r en del av Maardu stad. Med sin placering har byn blivit en kontrastfylld plats. Bredvid stadens 9-v\u00e5ningshus ligger byn Rootsi-Kallavere med utformning bevarad \u00e4nda fr\u00e5n 1600-talet, begr\u00e4nsat av t\u00e4tbebyggt omr\u00e5de med ett tjugotal nya hus p\u00e5 Vanapere sl\u00e4tten. Vid Kallavere\u2013\u00dclgase v\u00e4gen \u00e4r ett \u00e4nnu t\u00e4tare planerat omr\u00e5de av tr\u00e4dg\u00e5rdstomter med ett tjugotal hus. Bygatan genom Rootsi \u2013Kallavere \u00e4r ett minne om tiden n\u00e4r gatan var byns puls\u00e5der. Vid betraktelse \u00e4r det l\u00e4tt att stanna upp till eftertanke och t\u00e4nka om gammal historia som hembygdsf\u00f6reningen v\u00e5rdar i sitt museum och i de gamla hush\u00e5llsbyggnader l\u00e4ngs den pittoreska bygatan. Att se och k\u00e4nna hur nutid och historia m\u00f6ts h\u00e4r just nu i den gamla byn hj\u00e4lper oss att hitta v\u00e5ra r\u00f6tter f\u00f6r att sedan f\u00e5 ta med det som \u00e4r v\u00e4rdefullt arv f\u00f6r oss och v\u00e5ra barn. Rootsi-Kallavere \u00e4r en plats som framkallar k\u00e4nslor och tankar.<\/p>\n","protected":false},"author":1,"featured_media":2965,"parent":0,"menu_order":0,"comment_status":"closed","ping_status":"closed","template":"","meta":{"_price":"","_stock":"","_tribe_ticket_header":"","_tribe_default_ticket_provider":"","_tribe_ticket_capacity":"0","_ticket_start_date":"","_ticket_end_date":"","_tribe_ticket_show_description":"","_tribe_ticket_show_not_going":false,"_tribe_ticket_use_global_stock":"","_tribe_ticket_global_stock_level":"","_global_stock_mode":"","_global_stock_cap":"","_tribe_rsvp_for_event":"","_tribe_ticket_going_count":"","_tribe_ticket_not_going_count":"","_tribe_tickets_list":"[]","_tribe_ticket_has_attendee_info_fields":false,"footnotes":""},"class_list":["post-2290","page","type-page","status-publish","has-post-thumbnail","hentry"],"ticketed":false,"_links":{"self":[{"href":"https:\/\/rkk.ee\/sv\/wp-json\/wp\/v2\/pages\/2290","targetHints":{"allow":["GET"]}}],"collection":[{"href":"https:\/\/rkk.ee\/sv\/wp-json\/wp\/v2\/pages"}],"about":[{"href":"https:\/\/rkk.ee\/sv\/wp-json\/wp\/v2\/types\/page"}],"author":[{"embeddable":true,"href":"https:\/\/rkk.ee\/sv\/wp-json\/wp\/v2\/users\/1"}],"replies":[{"embeddable":true,"href":"https:\/\/rkk.ee\/sv\/wp-json\/wp\/v2\/comments?post=2290"}],"version-history":[{"count":3,"href":"https:\/\/rkk.ee\/sv\/wp-json\/wp\/v2\/pages\/2290\/revisions"}],"predecessor-version":[{"id":2377,"href":"https:\/\/rkk.ee\/sv\/wp-json\/wp\/v2\/pages\/2290\/revisions\/2377"}],"wp:featuredmedia":[{"embeddable":true,"href":"https:\/\/rkk.ee\/sv\/wp-json\/wp\/v2\/media\/2965"}],"wp:attachment":[{"href":"https:\/\/rkk.ee\/sv\/wp-json\/wp\/v2\/media?parent=2290"}],"curies":[{"name":"wp","href":"https:\/\/api.w.org\/{rel}","templated":true}]}}