{"id":2281,"date":"2021-08-06T13:09:51","date_gmt":"2021-08-06T13:09:51","guid":{"rendered":"http:\/\/rkk.ee\/wordpress\/?page_id=2281"},"modified":"2021-09-12T15:39:05","modified_gmt":"2021-09-12T13:39:05","slug":"peststen","status":"publish","type":"page","link":"https:\/\/rkk.ee\/sv\/kallavere-by\/peststen\/","title":{"rendered":"Peststen"},"content":{"rendered":"<p><img loading=\"lazy\" decoding=\"async\" width=\"235\" height=\"245\" class=\"alignright size-full wp-image-1246\" src=\"http:\/\/rkk.ee\/wordpress\/wp-content\/uploads\/2021\/07\/katkukivi.jpg\" alt=\"\" \/><\/p>\n<p>Pest som \u00e4r en hemsk smittsjukdom var k\u00e4nd redan i Egypten p\u00e5 300-talet f.K.<\/p>\n<p>Den pest som h\u00e4rjade i medeltidens Europa kom till Italien \u00e5r 1347 fr\u00e5n Asien via Mellan\u00f6sten, Bagdad och Krim. \u00c5ret efter spred sig pesten ocks\u00e5 till Frankrike och England. \u00c5r 1349 kom pesten till Skandinavien och Ryssland. Pesten spreds i f\u00f6rsta\u00a0 hand med stora svarta r\u00e5ttor eller r\u00e4ttare sagt med loppor \u2013 r\u00e5ttornas parasiter och redan smittade m\u00e4nniskor, genom luft och ber\u00f6ring. Det fanns inga botemedel. Bakterien som orsakar sjukdomen uppt\u00e4cktes s\u00e5 sent som 1894. Man trodde att pesten var Guds vrede \u00f6ver m\u00e4nniskors synder. I medeltiden fanns det \u00f6ver 1000 olika recept mot pesten men ingen av dem hj\u00e4lpte. T.ex. rekommenderades att h\u00e4nga upp torkade paddor hemma, br\u00e4nna upp pestoffrens kl\u00e4der, dricka sprit, sm\u00f6rja sig med olika salvor, bl.a. salvor med kvicksilver i osv. Ingen b\u00f6n eller medicin hj\u00e4lpte mot pesten. Det gjorde att auktoriteten f\u00f6r kyrkan och sjukv\u00e5rden sj\u00f6nk.<\/p>\n<p>Den st\u00f6rsta epidemin med pest b\u00f6rjade i Estland \u00e5r 1710. Pesten kom d\u00e5 fr\u00e5n Riga. I norra Estlands tre regioner dog 70 \u2013 80 % av befolkningen. I Maardus dom\u00e4ner som Rootsi-Kallavere by d\u00e5 h\u00f6rde till, dog 83 % av befolkningen. Troligen fanns inga levande kvar i Rootsi \u2013 Kallavere by under en tid. Senare flyttade nya m\u00e4nniskor in och det f\u00f6ddes barn. \u00c4n idag finns det g\u00e5rdar som heter Pestg\u00e5rdar i byar runt omkring och det \u00e4r ett minne av tiden.<\/p>\n<p>Pesten sk\u00f6rdade s\u00e5 m\u00e5nga offer att man hann och kunde inte begrava de d\u00f6da som man brukade. Ocks\u00e5 de som begravde sina d\u00f6da dog i pest. De d\u00f6da samlades i h\u00f6gar p\u00e5 vagnar och begravdes i massgravar. I J\u00f5el\u00e4htme f\u00f6rsamling k\u00e4nner vi till minst tre massgravar: vid kyrkan, i Kroodi by och vid g\u00e5rden Kella i Rootsi-Kallavere by.<\/p>\n<p>300 \u00e5r senare restes ett minnesm\u00e4rke, en peststen till minne av pestoffer vid Kella g\u00e5rd.<\/p>\n","protected":false},"excerpt":{"rendered":"<p>Pest som \u00e4r en hemsk smittsjukdom var k\u00e4nd redan i Egypten p\u00e5 300-talet f.K. Den pest som h\u00e4rjade i medeltidens Europa kom till Italien \u00e5r 1347 fr\u00e5n Asien via Mellan\u00f6sten, Bagdad och Krim. \u00c5ret efter spred sig pesten ocks\u00e5 till Frankrike och England. \u00c5r 1349 kom pesten till Skandinavien och Ryssland. Pesten spreds i f\u00f6rsta\u00a0 hand med stora svarta r\u00e5ttor eller r\u00e4ttare sagt med loppor \u2013 r\u00e5ttornas parasiter och redan smittade m\u00e4nniskor, genom luft och ber\u00f6ring. Det fanns inga botemedel. Bakterien som orsakar sjukdomen uppt\u00e4cktes s\u00e5 sent som 1894. Man trodde att pesten var Guds vrede \u00f6ver m\u00e4nniskors synder. I medeltiden fanns det \u00f6ver 1000 olika recept mot pesten men ingen av dem hj\u00e4lpte. T.ex. rekommenderades att h\u00e4nga upp torkade paddor hemma, br\u00e4nna upp pestoffrens kl\u00e4der, dricka sprit, sm\u00f6rja sig med olika salvor, bl.a. salvor med kvicksilver i osv. Ingen b\u00f6n eller medicin hj\u00e4lpte mot pesten. Det gjorde att auktoriteten f\u00f6r kyrkan och sjukv\u00e5rden sj\u00f6nk. Den st\u00f6rsta epidemin med pest b\u00f6rjade i Estland \u00e5r 1710. Pesten kom d\u00e5 fr\u00e5n Riga. I norra Estlands tre regioner dog 70 \u2013 80 % av befolkningen. I Maardus dom\u00e4ner som Rootsi-Kallavere by d\u00e5 h\u00f6rde till, dog 83 % av befolkningen. Troligen fanns inga levande kvar i Rootsi \u2013 Kallavere by under en tid. Senare flyttade nya m\u00e4nniskor in och det f\u00f6ddes barn. \u00c4n idag finns det g\u00e5rdar som heter Pestg\u00e5rdar i byar runt omkring och det \u00e4r ett minne av tiden. Pesten sk\u00f6rdade s\u00e5 m\u00e5nga offer att man hann och kunde inte begrava de d\u00f6da som man brukade. Ocks\u00e5 de som begravde sina d\u00f6da dog i pest. De d\u00f6da samlades i h\u00f6gar p\u00e5 vagnar och begravdes i massgravar. I J\u00f5el\u00e4htme f\u00f6rsamling k\u00e4nner vi till minst tre massgravar: vid kyrkan, i Kroodi by och vid g\u00e5rden Kella i Rootsi-Kallavere by. 300 \u00e5r senare restes ett minnesm\u00e4rke, en peststen till minne av pestoffer vid Kella g\u00e5rd.<\/p>\n","protected":false},"author":1,"featured_media":0,"parent":2290,"menu_order":0,"comment_status":"closed","ping_status":"closed","template":"","meta":{"_price":"","_stock":"","_tribe_ticket_header":"","_tribe_default_ticket_provider":"","_tribe_ticket_capacity":"0","_ticket_start_date":"","_ticket_end_date":"","_tribe_ticket_show_description":"","_tribe_ticket_show_not_going":false,"_tribe_ticket_use_global_stock":"","_tribe_ticket_global_stock_level":"","_global_stock_mode":"","_global_stock_cap":"","_tribe_rsvp_for_event":"","_tribe_ticket_going_count":"","_tribe_ticket_not_going_count":"","_tribe_tickets_list":"[]","_tribe_ticket_has_attendee_info_fields":false,"footnotes":""},"class_list":["post-2281","page","type-page","status-publish","hentry"],"ticketed":false,"_links":{"self":[{"href":"https:\/\/rkk.ee\/sv\/wp-json\/wp\/v2\/pages\/2281","targetHints":{"allow":["GET"]}}],"collection":[{"href":"https:\/\/rkk.ee\/sv\/wp-json\/wp\/v2\/pages"}],"about":[{"href":"https:\/\/rkk.ee\/sv\/wp-json\/wp\/v2\/types\/page"}],"author":[{"embeddable":true,"href":"https:\/\/rkk.ee\/sv\/wp-json\/wp\/v2\/users\/1"}],"replies":[{"embeddable":true,"href":"https:\/\/rkk.ee\/sv\/wp-json\/wp\/v2\/comments?post=2281"}],"version-history":[{"count":3,"href":"https:\/\/rkk.ee\/sv\/wp-json\/wp\/v2\/pages\/2281\/revisions"}],"predecessor-version":[{"id":2390,"href":"https:\/\/rkk.ee\/sv\/wp-json\/wp\/v2\/pages\/2281\/revisions\/2390"}],"up":[{"embeddable":true,"href":"https:\/\/rkk.ee\/sv\/wp-json\/wp\/v2\/pages\/2290"}],"wp:attachment":[{"href":"https:\/\/rkk.ee\/sv\/wp-json\/wp\/v2\/media?parent=2281"}],"curies":[{"name":"wp","href":"https:\/\/api.w.org\/{rel}","templated":true}]}}