{"id":2287,"date":"2021-08-06T13:32:59","date_gmt":"2021-08-06T13:32:59","guid":{"rendered":"http:\/\/rkk.ee\/wordpress\/?page_id=2287"},"modified":"2021-09-12T15:19:48","modified_gmt":"2021-09-12T13:19:48","slug":"kallavere-ciems","status":"publish","type":"page","link":"https:\/\/rkk.ee\/lv\/kallavere-ciems\/","title":{"rendered":"Rootsi-Kallavere ciems"},"content":{"rendered":"<p>Rootsi-Kallavere ciems atrodas p\u0101rdesmit kilometru att\u0101lum\u0101 no Tallinas centra, M\u0101rdu pils\u0113tas Kallavere pils\u0113tas da\u013cas kaimi\u0146os. Ciems ir bijis apdz\u012bvots no senatnes l\u012bdz m\u016bsdien\u0101m.<\/p>\n<p>Savas atra\u0161an\u0101s vietas d\u0113\u013c ciems ir izveidojies par kontrastiem bag\u0101tu vietu. Tie\u0161i blakus devi\u0146st\u0101vu daudzdz\u012bvok\u013cu \u0113k\u0101m atrodas Rootsi-Kallavere, kuras pl\u0101nojums ir saglab\u0101jies no 17. gadsimta, kas savuk\u0101rt robe\u017eojas ar bl\u012bva apdz\u012bvojuma vair\u0101kiem desmitiem dz\u012bvojamo \u0113ku Vanapere teritorij\u0101. Un tad v\u0113l bl\u012bv\u0101ka apdz\u012bvojuma teritorija ar d\u0101rza pils\u0113tas pl\u0101nojumu Kallavere-Ilgase ce\u013ca mal\u0101 ar vair\u0101kiem desmitiem dz\u012bvojamo m\u0101ju.<\/p>\n<p>Pag\u0101ju\u0161o laiku atmi\u0146as cen\u0161as saglab\u0101t ciema muzejs un da\u017eas no 20. gs. s\u0101kuma saglab\u0101ju\u0161\u0101s viens\u0113tu saimniec\u012bbas \u0113kas un, protams, m\u016b\u017esenie koki kop\u0101 ar akmens \u017eogiem Rootsi-Kallavere ciema ielas mal\u0101s. Sava loma ciema dz\u012bv\u0113 ir Ciema biedr\u012bbai. M\u016bsdienu un v\u0113stures saist\u012b\u0161ana un izju\u0161ana pal\u012bdz mums \u0161aj\u0101 senaj\u0101 ciemat\u0101 lab\u0101k izprast savas saknes, pal\u012bdz mums, ejot t\u0101l\u0101k, pa\u0146emt l\u012bdzi no pag\u0101tnes to, kam ir v\u0113rt\u012bba priek\u0161 mums un m\u016bsu p\u0113cn\u0101c\u0113jiem.<\/p>\n<p>Rootsi-Kallavere ir vieta, kur dzimst emocijas un domas.<\/p>\n","protected":false},"excerpt":{"rendered":"<p>Rootsi-Kallavere ciems atrodas p\u0101rdesmit kilometru att\u0101lum\u0101 no Tallinas centra, M\u0101rdu pils\u0113tas Kallavere pils\u0113tas da\u013cas kaimi\u0146os. Ciems ir bijis apdz\u012bvots no senatnes l\u012bdz m\u016bsdien\u0101m. Savas atra\u0161an\u0101s vietas d\u0113\u013c ciems ir izveidojies par kontrastiem bag\u0101tu vietu. Tie\u0161i blakus devi\u0146st\u0101vu daudzdz\u012bvok\u013cu \u0113k\u0101m atrodas Rootsi-Kallavere, kuras pl\u0101nojums ir saglab\u0101jies no 17. gadsimta, kas savuk\u0101rt robe\u017eojas ar bl\u012bva apdz\u012bvojuma vair\u0101kiem desmitiem dz\u012bvojamo \u0113ku Vanapere teritorij\u0101. Un tad v\u0113l bl\u012bv\u0101ka apdz\u012bvojuma teritorija ar d\u0101rza pils\u0113tas pl\u0101nojumu Kallavere-Ilgase ce\u013ca mal\u0101 ar vair\u0101kiem desmitiem dz\u012bvojamo m\u0101ju. Pag\u0101ju\u0161o laiku atmi\u0146as cen\u0161as saglab\u0101t ciema muzejs un da\u017eas no 20. gs. s\u0101kuma saglab\u0101ju\u0161\u0101s viens\u0113tu saimniec\u012bbas \u0113kas un, protams, m\u016b\u017esenie koki kop\u0101 ar akmens \u017eogiem Rootsi-Kallavere ciema ielas mal\u0101s. Sava loma ciema dz\u012bv\u0113 ir Ciema biedr\u012bbai. M\u016bsdienu un v\u0113stures saist\u012b\u0161ana un izju\u0161ana pal\u012bdz mums \u0161aj\u0101 senaj\u0101 ciemat\u0101 lab\u0101k izprast savas saknes, pal\u012bdz mums, ejot t\u0101l\u0101k, pa\u0146emt l\u012bdzi no pag\u0101tnes to, kam ir v\u0113rt\u012bba priek\u0161 mums un m\u016bsu p\u0113cn\u0101c\u0113jiem. Rootsi-Kallavere ir vieta, kur dzimst emocijas un domas.<\/p>\n","protected":false},"author":1,"featured_media":2964,"parent":0,"menu_order":0,"comment_status":"closed","ping_status":"closed","template":"","meta":{"_price":"","_stock":"","_tribe_ticket_header":"","_tribe_default_ticket_provider":"","_tribe_ticket_capacity":"0","_ticket_start_date":"","_ticket_end_date":"","_tribe_ticket_show_description":"","_tribe_ticket_show_not_going":false,"_tribe_ticket_use_global_stock":"","_tribe_ticket_global_stock_level":"","_global_stock_mode":"","_global_stock_cap":"","_tribe_rsvp_for_event":"","_tribe_ticket_going_count":"","_tribe_ticket_not_going_count":"","_tribe_tickets_list":"[]","_tribe_ticket_has_attendee_info_fields":false,"footnotes":""},"class_list":["post-2287","page","type-page","status-publish","has-post-thumbnail","hentry"],"ticketed":false,"_links":{"self":[{"href":"https:\/\/rkk.ee\/lv\/wp-json\/wp\/v2\/pages\/2287","targetHints":{"allow":["GET"]}}],"collection":[{"href":"https:\/\/rkk.ee\/lv\/wp-json\/wp\/v2\/pages"}],"about":[{"href":"https:\/\/rkk.ee\/lv\/wp-json\/wp\/v2\/types\/page"}],"author":[{"embeddable":true,"href":"https:\/\/rkk.ee\/lv\/wp-json\/wp\/v2\/users\/1"}],"replies":[{"embeddable":true,"href":"https:\/\/rkk.ee\/lv\/wp-json\/wp\/v2\/comments?post=2287"}],"version-history":[{"count":3,"href":"https:\/\/rkk.ee\/lv\/wp-json\/wp\/v2\/pages\/2287\/revisions"}],"predecessor-version":[{"id":2376,"href":"https:\/\/rkk.ee\/lv\/wp-json\/wp\/v2\/pages\/2287\/revisions\/2376"}],"wp:featuredmedia":[{"embeddable":true,"href":"https:\/\/rkk.ee\/lv\/wp-json\/wp\/v2\/media\/2964"}],"wp:attachment":[{"href":"https:\/\/rkk.ee\/lv\/wp-json\/wp\/v2\/media?parent=2287"}],"curies":[{"name":"wp","href":"https:\/\/api.w.org\/{rel}","templated":true}]}}