{"id":2272,"date":"2021-08-06T13:03:59","date_gmt":"2021-08-06T13:03:59","guid":{"rendered":"http:\/\/rkk.ee\/wordpress\/?page_id=2272"},"modified":"2021-08-06T13:03:59","modified_gmt":"2021-08-06T13:03:59","slug":"ciema-biedriba","status":"publish","type":"page","link":"https:\/\/rkk.ee\/lv\/ciema-biedriba\/","title":{"rendered":"Ciema biedr\u012bba"},"content":{"rendered":"<p>Rootsi-Kallavere Ciema biedr\u012bbu nodibin\u0101ja 2001. gad\u0101, lai att\u012bst\u012btu Kallavere ciema kop\u0113ju darb\u012bbu, v\u0101ktu un saglab\u0101tu ciema v\u0113sturisko mantojumu, uzlabotu ciema dz\u012bves kvalit\u0101ti un ce\u013cu st\u0101vokli, k\u0101 ar\u012b att\u012bst\u012btu \u201eKaimi\u0146u sadarb\u012bbu m\u0101jok\u013cu dro\u0161\u012bbai\u201d. Dibin\u0101\u0161anas laik\u0101 Biedr\u012bb\u0101 bija 16 biedri, pa\u0161laik biedru skaits ir pieaudzis l\u012bdz 24.<\/p>\n","protected":false},"excerpt":{"rendered":"<p>Rootsi-Kallavere Ciema biedr\u012bbu nodibin\u0101ja 2001. gad\u0101, lai att\u012bst\u012btu Kallavere ciema kop\u0113ju darb\u012bbu, v\u0101ktu un saglab\u0101tu ciema v\u0113sturisko mantojumu, uzlabotu ciema dz\u012bves kvalit\u0101ti un ce\u013cu st\u0101vokli, k\u0101 ar\u012b att\u012bst\u012btu \u201eKaimi\u0146u sadarb\u012bbu m\u0101jok\u013cu dro\u0161\u012bbai\u201d. Dibin\u0101\u0161anas laik\u0101 Biedr\u012bb\u0101 bija 16 biedri, pa\u0161laik biedru skaits ir pieaudzis l\u012bdz 24.<\/p>\n","protected":false},"author":1,"featured_media":0,"parent":0,"menu_order":0,"comment_status":"closed","ping_status":"closed","template":"","meta":{"_price":"","_stock":"","_tribe_ticket_header":"","_tribe_default_ticket_provider":"","_tribe_ticket_capacity":"0","_ticket_start_date":"","_ticket_end_date":"","_tribe_ticket_show_description":"","_tribe_ticket_show_not_going":false,"_tribe_ticket_use_global_stock":"","_tribe_ticket_global_stock_level":"","_global_stock_mode":"","_global_stock_cap":"","_tribe_rsvp_for_event":"","_tribe_ticket_going_count":"","_tribe_ticket_not_going_count":"","_tribe_tickets_list":"[]","_tribe_ticket_has_attendee_info_fields":false,"footnotes":""},"class_list":["post-2272","page","type-page","status-publish","hentry"],"ticketed":false,"_links":{"self":[{"href":"https:\/\/rkk.ee\/lv\/wp-json\/wp\/v2\/pages\/2272","targetHints":{"allow":["GET"]}}],"collection":[{"href":"https:\/\/rkk.ee\/lv\/wp-json\/wp\/v2\/pages"}],"about":[{"href":"https:\/\/rkk.ee\/lv\/wp-json\/wp\/v2\/types\/page"}],"author":[{"embeddable":true,"href":"https:\/\/rkk.ee\/lv\/wp-json\/wp\/v2\/users\/1"}],"replies":[{"embeddable":true,"href":"https:\/\/rkk.ee\/lv\/wp-json\/wp\/v2\/comments?post=2272"}],"version-history":[{"count":2,"href":"https:\/\/rkk.ee\/lv\/wp-json\/wp\/v2\/pages\/2272\/revisions"}],"predecessor-version":[{"id":2274,"href":"https:\/\/rkk.ee\/lv\/wp-json\/wp\/v2\/pages\/2272\/revisions\/2274"}],"wp:attachment":[{"href":"https:\/\/rkk.ee\/lv\/wp-json\/wp\/v2\/media?parent=2272"}],"curies":[{"name":"wp","href":"https:\/\/api.w.org\/{rel}","templated":true}]}}