{"id":866,"date":"2021-06-20T14:33:52","date_gmt":"2021-06-20T14:33:52","guid":{"rendered":"http:\/\/rkk.ee\/wordpress\/?page_id=866"},"modified":"2021-06-20T14:41:32","modified_gmt":"2021-06-20T14:41:32","slug":"muuseum","status":"publish","type":"page","link":"https:\/\/rkk.ee\/en\/muuseum\/","title":{"rendered":"Rootsi-Kallavere k\u00fcla muuseum"},"content":{"rendered":"<div id=\"pl-866\"  class=\"panel-layout\" ><div id=\"pg-866-0\"  class=\"panel-grid panel-no-style\" ><div id=\"pgc-866-0-0\"  class=\"panel-grid-cell\" ><div id=\"panel-866-0-0-0\" class=\"so-panel widget widget_black-studio-tinymce widget_black_studio_tinymce panel-first-child panel-last-child\" data-index=\"0\" ><div class=\"textwidget\"><p class=\"short accent-color\"><strong>Muuseum kuulub \u00fcsna orgaaniliselt Rootsi-Kallavere rahva ellu, meenutab meie juuri, laiendab k\u00fclaliste silmaringi vanema taluelu osas ja on siiani t\u00e4is tugevat kasvuj\u00f5udu.<\/strong><\/p>\n<h2>Saamislugu<\/h2>\n<p>K\u00fclas olid enne kolhoosiaega suured talud ja vanemast taluinventarist oli mitmel pool veel j\u00e4rel esemeid, mida enam tarvis ei olnud, kuid \u00e4ra visata ka ei raatsitud.<\/p>\n<p>V\u00f5imalik, et eestiaegsete asjade hoidmine aitas kohalikel elanikel kadunud ja kuldsena paistvat iseseisvusaega meeles pidada.<\/p>\n<p>Otse keset k\u00fcla kippus lagunema ja riivas silma aga vana kivihoone \u2013 K\u00e4spre talu laut.<\/p>\n<p>Tegemist on arvatavasti k\u00fcla vanima hoonega. Ehitise hea asukoht ja k\u00fclarahva renoveerimishuvi viisid m\u00f5ttele majale uus elu anda.<\/p>\n<p>PRIA abil \u00f5nnestus laudale sindelkatus peale ehitada. Sarikad ja pennid tehti\u00a0 \u00fcmarpalkidest nagu lauda esimese nooruse ajal.<\/p>\n<p>T\u00f6\u00f6 maht kujunes suuremaks, kui algul arvati, sest paem\u00fc\u00fcrid olid vajunud ja pragulised ning tuli suurelt osalt uuesti \u00fcles laduda. 2006 aasta kevadel oli majal katus peal, laed ja p\u00f5randad valmis ja uksed-aknad ees.<\/p>\n<p>Eksponaate hakkas kogunema nagu paisu tagant.<\/p>\n<p>Enamasti on need siinsamas kasutusel olnud tarbeesemed ja t\u00f6\u00f6riistad, k\u00e4sit\u00f6\u00f6d ja r\u00f5ivad, raamatud ja ajakirjad.<\/p>\n<p>Eriliselt t\u00e4ienesid muuseumikogud Kivim\u00e4e talu varade arvel, kus elasid head k\u00e4sit\u00f6\u00f6meistrid ning kes\u00a0 oldi kitsid kodukraami minema viskama.<\/p>\n<p>Muuseumi pidulik avamine oli 2006 maikuus. P\u00e4rast avamist on muuseumi esemeid juurde toodud nii l\u00e4hemalt kui kaugemalt.<\/p>\n<p>Mida huvitavat siis Rootsi-Kallavere k\u00fcla muuseumis n\u00e4ha saab?<\/p>\n<p>Eriti v\u00e4\u00e4rtuslikud on esemed, mis aitavad luua pilti elust samas k\u00fclas enne Teist maailmas\u00f5da.<\/p>\n<p>Piimaveovanker ja piiman\u00f5ud, tsaariaegsed talude m\u00f5\u00f5dun\u00f5ud, linat\u00f6\u00f6tlemisriistad, tuulamismasin ja viljapeksumasin, kalap\u00fc\u00fcgiriistad, kingsepa t\u00f6\u00f6riistad, k\u00fclanaiste ilusad k\u00e4sit\u00f6\u00f6d, peen valge pesu 20. sajandi algusk\u00fcmnenditest.<\/p>\n<p>Kevadel, 2011 avati n\u00f6. muuseumi laiendus Mihkli talu vanas laudas.<\/p>\n<p>Sinna koondub kangatuba ja v\u00e4ljapanek kalanduse ja merenduse teemadel. Kangatoas saab \u00a0talvel vaipu ja kangaid kududa, esimese talvega kooti \u00fcle 60-ne (loe: KUUEK\u00dcMNE) kaltsuvaiba.<\/p>\n<\/div><\/div><\/div><div id=\"pgc-866-0-1\"  class=\"panel-grid-cell\" ><div id=\"panel-866-0-1-0\" class=\"so-panel widget widget_vestige-upcoming-events-widget panel-first-child panel-last-child\" data-index=\"1\" ><div\n\t\t\t\n\t\t\tclass=\"so-widget-vestige-upcoming-events-widget so-widget-vestige-upcoming-events-widget-base\"\n\t\t\t\n\t\t><!-- Widget Special Events -->\n<div class=\"widget widget_special_events\">\n<div class=\"text-align-\"><h3 class=\"widget-title\" >Upcoming Events<\/h3><\/div>\n<div class=\"widget_special_events_in\">\n\t<\/div>\n<\/div> <\/div><\/div><\/div><\/div><div id=\"pg-866-1\"  class=\"panel-grid panel-no-style\" ><div id=\"pgc-866-1-0\"  class=\"panel-grid-cell\" ><div id=\"panel-866-1-0-0\" class=\"so-panel widget widget_hr-widget panel-first-child panel-last-child\" data-index=\"2\" ><div\n\t\t\t\n\t\t\tclass=\"so-widget-hr-widget so-widget-hr-widget-base\"\n\t\t\t\n\t\t>\n<hr class=\"fw\" style=\"height:1px; background:; margin-top:30px; margin-bottom:60px\"><\/div><\/div><\/div><\/div><div id=\"pg-866-2\"  class=\"panel-grid panel-no-style\" ><div id=\"pgc-866-2-0\"  class=\"panel-grid-cell\" ><div id=\"panel-866-2-0-0\" class=\"so-panel widget widget_iconbox-widget panel-first-child panel-last-child\" data-index=\"3\" ><div\n\t\t\t\n\t\t\tclass=\"so-widget-iconbox-widget so-widget-iconbox-widget-base\"\n\t\t\t\n\t\t>\n\n<div class=\"icon-box standard ibox-border standard standard\" data-appear-animation=\"fadeIn\">\n    <div class=\"ibox-icon\" >\n            <\/div>\n    <h3>Full Responsive Design<\/h3>    <p>This template using Bootstrap 3x version with mobile first approach to make it readily available for all devices.<\/p><\/div><\/div><\/div><\/div><div id=\"pgc-866-2-1\"  class=\"panel-grid-cell\" ><div id=\"panel-866-2-1-0\" class=\"so-panel widget widget_iconbox-widget panel-first-child panel-last-child\" data-index=\"4\" ><div\n\t\t\t\n\t\t\tclass=\"so-widget-iconbox-widget so-widget-iconbox-widget-base\"\n\t\t\t\n\t\t>\n\n<div class=\"icon-box standard ibox-border standard standard\" data-appear-animation=\"fadeIn\">\n    <div class=\"ibox-icon\" >\n        <span class=\"sow-icon-fontawesome sow-fas\" data-sow-icon=\"&#xf129;\"\n\t\tstyle=\"\" \n\t\taria-hidden=\"true\"><\/span>    <\/div>\n    <h3>Lots of Icons<\/h3>    <p>Vestige comes with 900+ font icons including Font Awesome complete set and 150+ outlined icons.<\/p><\/div><\/div><\/div><\/div><div id=\"pgc-866-2-2\"  class=\"panel-grid-cell\" ><div id=\"panel-866-2-2-0\" class=\"so-panel widget widget_iconbox-widget panel-first-child panel-last-child\" data-index=\"5\" ><div\n\t\t\t\n\t\t\tclass=\"so-widget-iconbox-widget so-widget-iconbox-widget-base\"\n\t\t\t\n\t\t>\n\n<div class=\"icon-box standard ibox-border standard standard\" data-appear-animation=\"fadeIn\">\n    <div class=\"ibox-icon\" >\n        <span class=\"sow-icon-fontawesome sow-fas\" data-sow-icon=\"&#xf1dc;\"\n\t\tstyle=\"\" \n\t\taria-hidden=\"true\"><\/span>    <\/div>\n    <h3>3 Header Styles<\/h3>    <p>3 Header styles are there for all type of needs with topbar or not along with full width menu.<\/p><\/div><\/div><\/div><\/div><\/div><div id=\"pg-866-3\"  class=\"panel-grid panel-no-style\" ><div id=\"pgc-866-3-0\"  class=\"panel-grid-cell\" ><div id=\"panel-866-3-0-0\" class=\"so-panel widget widget_iconbox-widget panel-first-child panel-last-child\" data-index=\"6\" ><div\n\t\t\t\n\t\t\tclass=\"so-widget-iconbox-widget so-widget-iconbox-widget-base\"\n\t\t\t\n\t\t>\n\n<div class=\"icon-box standard ibox-border standard standard\" data-appear-animation=\"fadeIn\">\n    <div class=\"ibox-icon\" >\n        <span class=\"sow-icon-fontawesome sow-fas\" data-sow-icon=\"&#xf17a;\"\n\t\tstyle=\"\" \n\t\taria-hidden=\"true\"><\/span>    <\/div>\n    <h3>Boxed &amp; Wide Layouts<\/h3>    <p>2 layout choices for Wide screen and Boxed layout with option to set patterns and images as background.<\/p><\/div><\/div><\/div><\/div><div id=\"pgc-866-3-1\"  class=\"panel-grid-cell\" ><div id=\"panel-866-3-1-0\" class=\"so-panel widget widget_iconbox-widget panel-first-child panel-last-child\" data-index=\"7\" ><div\n\t\t\t\n\t\t\tclass=\"so-widget-iconbox-widget so-widget-iconbox-widget-base\"\n\t\t\t\n\t\t>\n\n<div class=\"icon-box standard ibox-border standard standard\" data-appear-animation=\"fadeIn\">\n    <div class=\"ibox-icon\" >\n        <span class=\"sow-icon-fontawesome sow-fas\" data-sow-icon=\"&#xf0c9;\"\n\t\tstyle=\"\" \n\t\taria-hidden=\"true\"><\/span>    <\/div>\n    <h3>Megamenu<\/h3>    <p>The main menu is ready for the multi columns mega menu which can have any kind of HTML\/TEXT inside.<\/p><\/div><\/div><\/div><\/div><div id=\"pgc-866-3-2\"  class=\"panel-grid-cell\" ><div id=\"panel-866-3-2-0\" class=\"so-panel widget widget_iconbox-widget panel-first-child panel-last-child\" data-index=\"8\" ><div\n\t\t\t\n\t\t\tclass=\"so-widget-iconbox-widget so-widget-iconbox-widget-base\"\n\t\t\t\n\t\t>\n\n<div class=\"icon-box standard ibox-border standard standard\" data-appear-animation=\"fadeIn\">\n    <div class=\"ibox-icon\" >\n        <span class=\"sow-icon-fontawesome sow-fas\" data-sow-icon=\"&#xf099;\"\n\t\tstyle=\"\" \n\t\taria-hidden=\"true\"><\/span>    <\/div>\n    <h3>Twitter Widget<\/h3>    <p>An easy to use Twitter feeds plugin is included in the template which can fetch any number of Tweets from your account.<\/p><\/div><\/div><\/div><\/div><\/div><div id=\"pg-866-4\"  class=\"panel-grid panel-no-style\" ><div id=\"pgc-866-4-0\"  class=\"panel-grid-cell\" ><div id=\"panel-866-4-0-0\" class=\"so-panel widget widget_hr-widget panel-first-child panel-last-child\" data-index=\"9\" ><div\n\t\t\t\n\t\t\tclass=\"so-widget-hr-widget so-widget-hr-widget-base\"\n\t\t\t\n\t\t>\n<hr class=\"fw\" style=\"height:1px; background:; margin-top:50px; margin-bottom:50px\"><\/div><\/div><\/div><\/div><div id=\"pg-866-5\"  class=\"panel-grid panel-no-style\" ><div id=\"pgc-866-5-0\"  class=\"panel-grid-cell\" ><div id=\"panel-866-5-0-0\" class=\"so-panel widget widget_black-studio-tinymce widget_black_studio_tinymce panel-first-child\" data-index=\"10\" ><div class=\"textwidget\"><h1>Our Team<\/h1>\n<\/div><\/div><div id=\"panel-866-5-0-1\" class=\"so-panel widget widget_team-widget panel-last-child\" data-index=\"11\" ><div\n\t\t\t\n\t\t\tclass=\"so-widget-team-widget so-widget-team-widget-base\"\n\t\t\t\n\t\t>\n<div class=\"row\">\n\t<ul class=\"isotope-grid isotope\" data-sort-id=\"grid\">\n\n\n\t\t\t            <!-- STAFF ITEM -->\n            <li class=\"grid-item col-md-3 col-sm-6\">                <div class=\"staff-item format-image\">\n                                            <img decoding=\"async\" src=\"https:\/\/rkk.ee\/wordpress\/wp-content\/uploads\/2015\/07\/img20.jpg\" class=\"imic_600x400 wp-post-image\" alt=\"\" srcset=\"https:\/\/rkk.ee\/wordpress\/wp-content\/uploads\/2015\/07\/img20.jpg 400w, https:\/\/rkk.ee\/wordpress\/wp-content\/uploads\/2015\/07\/img20-300x300.jpg 300w, https:\/\/rkk.ee\/wordpress\/wp-content\/uploads\/2015\/07\/img20-100x100.jpg 100w, https:\/\/rkk.ee\/wordpress\/wp-content\/uploads\/2015\/07\/img20-150x150.jpg 150w, https:\/\/rkk.ee\/wordpress\/wp-content\/uploads\/2015\/07\/img20-210x210.jpg 210w\" sizes=\"(max-width: 400px) 100vw, 400px\" \/>                                        <div class=\"grid-item-content\">\n                        <h3>Ralph Burton<\/h3>\n                        <span class=\"meta-data\">Director<\/span>                        <ul class=\"social-icons-colored\"><li class=\"facebook\"><a href=\"http:\/\/www.facebook.com\" target =\"_blank\"><i class=\"fa fa-facebook\"><\/i><\/a><\/li><li class=\"twitter\"><a href=\"https:\/\/www.twitter.com\/\" target =\"_blank\"><i class=\"fa fa-twitter\"><\/i><\/a><\/li><li class=\"google-plus\"><a href=\"https:\/\/plus.google.com\/\" target =\"_blank\"><i class=\"fa fa-google-plus\"><\/i><\/a><\/li><\/ul>                                            <\/div>\n                <\/div>\n            <\/li>\n        \n\t\t            <!-- STAFF ITEM -->\n            <li class=\"grid-item col-md-3 col-sm-6\">                <div class=\"staff-item format-image\">\n                                            <img decoding=\"async\" src=\"https:\/\/rkk.ee\/wordpress\/wp-content\/uploads\/2015\/07\/img21.jpg\" class=\"imic_600x400 wp-post-image\" alt=\"\" srcset=\"https:\/\/rkk.ee\/wordpress\/wp-content\/uploads\/2015\/07\/img21.jpg 400w, https:\/\/rkk.ee\/wordpress\/wp-content\/uploads\/2015\/07\/img21-300x300.jpg 300w, https:\/\/rkk.ee\/wordpress\/wp-content\/uploads\/2015\/07\/img21-100x100.jpg 100w, https:\/\/rkk.ee\/wordpress\/wp-content\/uploads\/2015\/07\/img21-150x150.jpg 150w, https:\/\/rkk.ee\/wordpress\/wp-content\/uploads\/2015\/07\/img21-210x210.jpg 210w\" sizes=\"(max-width: 400px) 100vw, 400px\" \/>                                        <div class=\"grid-item-content\">\n                        <h3>Beverly Barnett<\/h3>\n                        <span class=\"meta-data\">Education & Visitors<\/span>                        <ul class=\"social-icons-colored\"><li class=\"facebook\"><a href=\"http:\/\/www.facebook.com\" target =\"_blank\"><i class=\"fa fa-facebook\"><\/i><\/a><\/li><li class=\"twitter\"><a href=\"https:\/\/www.twitter.com\/\" target =\"_blank\"><i class=\"fa fa-twitter\"><\/i><\/a><\/li><li class=\"google-plus\"><a href=\"https:\/\/plus.google.com\/\" target =\"_blank\"><i class=\"fa fa-google-plus\"><\/i><\/a><\/li><\/ul>                                            <\/div>\n                <\/div>\n            <\/li>\n        \n\t\t            <!-- STAFF ITEM -->\n            <li class=\"grid-item col-md-3 col-sm-6\">                <div class=\"staff-item format-image\">\n                                            <img decoding=\"async\" src=\"https:\/\/rkk.ee\/wordpress\/wp-content\/uploads\/2015\/07\/img22.jpg\" class=\"imic_600x400 wp-post-image\" alt=\"\" srcset=\"https:\/\/rkk.ee\/wordpress\/wp-content\/uploads\/2015\/07\/img22.jpg 400w, https:\/\/rkk.ee\/wordpress\/wp-content\/uploads\/2015\/07\/img22-300x300.jpg 300w, https:\/\/rkk.ee\/wordpress\/wp-content\/uploads\/2015\/07\/img22-100x100.jpg 100w, https:\/\/rkk.ee\/wordpress\/wp-content\/uploads\/2015\/07\/img22-150x150.jpg 150w, https:\/\/rkk.ee\/wordpress\/wp-content\/uploads\/2015\/07\/img22-210x210.jpg 210w\" sizes=\"(max-width: 400px) 100vw, 400px\" \/>                                        <div class=\"grid-item-content\">\n                        <h3>Judith Bailey<\/h3>\n                        <span class=\"meta-data\">Estate Manager<\/span>                        <ul class=\"social-icons-colored\"><li class=\"facebook\"><a href=\"http:\/\/www.facebook.com\" target =\"_blank\"><i class=\"fa fa-facebook\"><\/i><\/a><\/li><li class=\"twitter\"><a href=\"https:\/\/www.twitter.com\/\" target =\"_blank\"><i class=\"fa fa-twitter\"><\/i><\/a><\/li><li class=\"google-plus\"><a href=\"https:\/\/plus.google.com\/\" target =\"_blank\"><i class=\"fa fa-google-plus\"><\/i><\/a><\/li><\/ul>                                            <\/div>\n                <\/div>\n            <\/li>\n        \n\t\t            <!-- STAFF ITEM -->\n            <li class=\"grid-item col-md-3 col-sm-6\">                <div class=\"staff-item format-image\">\n                                            <img decoding=\"async\" src=\"https:\/\/rkk.ee\/wordpress\/wp-content\/uploads\/2015\/07\/img23.jpg\" class=\"imic_600x400 wp-post-image\" alt=\"\" srcset=\"https:\/\/rkk.ee\/wordpress\/wp-content\/uploads\/2015\/07\/img23.jpg 400w, https:\/\/rkk.ee\/wordpress\/wp-content\/uploads\/2015\/07\/img23-300x300.jpg 300w, https:\/\/rkk.ee\/wordpress\/wp-content\/uploads\/2015\/07\/img23-100x100.jpg 100w, https:\/\/rkk.ee\/wordpress\/wp-content\/uploads\/2015\/07\/img23-150x150.jpg 150w, https:\/\/rkk.ee\/wordpress\/wp-content\/uploads\/2015\/07\/img23-210x210.jpg 210w\" sizes=\"(max-width: 400px) 100vw, 400px\" \/>                                        <div class=\"grid-item-content\">\n                        <h3>Tyler Wong<\/h3>\n                        <span class=\"meta-data\">Director of Finance<\/span>                        <ul class=\"social-icons-colored\"><li class=\"facebook\"><a href=\"http:\/\/www.facebook.com\" target =\"_blank\"><i class=\"fa fa-facebook\"><\/i><\/a><\/li><li class=\"twitter\"><a href=\"https:\/\/www.twitter.com\/\" target =\"_blank\"><i class=\"fa fa-twitter\"><\/i><\/a><\/li><li class=\"google-plus\"><a href=\"https:\/\/plus.google.com\/\" target =\"_blank\"><i class=\"fa fa-google-plus\"><\/i><\/a><\/li><\/ul>                                            <\/div>\n                <\/div>\n            <\/li>\n        \n\t\t\t<\/ul>\n <\/div>\n <\/div><\/div><\/div><\/div><\/div>","protected":false},"excerpt":{"rendered":"<p>Muuseum kuulub \u00fcsna orgaaniliselt Rootsi-Kallavere rahva ellu, meenutab meie juuri, laiendab k\u00fclaliste silmaringi vanema taluelu osas ja on siiani t\u00e4is tugevat kasvuj\u00f5udu. Saamislugu K\u00fclas olid enne kolhoosiaega suured talud ja vanemast taluinventarist oli mitmel pool veel j\u00e4rel esemeid, mida enam tarvis ei olnud, kuid \u00e4ra visata ka ei raatsitud. V\u00f5imalik, et eestiaegsete asjade hoidmine aitas kohalikel elanikel kadunud ja kuldsena paistvat iseseisvusaega meeles pidada. Otse keset k\u00fcla kippus lagunema ja riivas silma aga vana kivihoone \u2013 K\u00e4spre talu laut. Tegemist on arvatavasti k\u00fcla vanima hoonega. Ehitise hea asukoht ja k\u00fclarahva renoveerimishuvi viisid m\u00f5ttele majale uus elu anda. PRIA abil \u00f5nnestus laudale sindelkatus peale ehitada. Sarikad ja pennid tehti\u00a0 \u00fcmarpalkidest nagu lauda esimese nooruse ajal. T\u00f6\u00f6 maht kujunes suuremaks, kui algul arvati, sest paem\u00fc\u00fcrid olid vajunud ja pragulised ning tuli suurelt osalt uuesti \u00fcles laduda. 2006 aasta kevadel oli majal katus peal, laed ja p\u00f5randad valmis ja uksed-aknad ees. Eksponaate hakkas kogunema nagu paisu tagant. Enamasti on need siinsamas kasutusel olnud tarbeesemed ja t\u00f6\u00f6riistad, k\u00e4sit\u00f6\u00f6d ja r\u00f5ivad, raamatud ja ajakirjad. Eriliselt t\u00e4ienesid muuseumikogud Kivim\u00e4e talu varade arvel, kus elasid head k\u00e4sit\u00f6\u00f6meistrid ning kes\u00a0 oldi kitsid kodukraami minema viskama. Muuseumi pidulik avamine oli 2006 maikuus. P\u00e4rast avamist on muuseumi esemeid juurde toodud nii l\u00e4hemalt kui kaugemalt. Mida huvitavat siis Rootsi-Kallavere k\u00fcla muuseumis n\u00e4ha saab? Eriti v\u00e4\u00e4rtuslikud on esemed, mis aitavad luua pilti elust samas k\u00fclas enne Teist maailmas\u00f5da. Piimaveovanker ja piiman\u00f5ud, tsaariaegsed talude m\u00f5\u00f5dun\u00f5ud, linat\u00f6\u00f6tlemisriistad, tuulamismasin ja viljapeksumasin, kalap\u00fc\u00fcgiriistad, kingsepa t\u00f6\u00f6riistad, k\u00fclanaiste ilusad k\u00e4sit\u00f6\u00f6d, peen valge pesu 20. sajandi algusk\u00fcmnenditest. Kevadel, 2011 avati n\u00f6. muuseumi laiendus Mihkli talu vanas laudas. Sinna koondub kangatuba ja v\u00e4ljapanek kalanduse ja merenduse teemadel. Kangatoas saab \u00a0talvel vaipu ja kangaid kududa, esimese talvega kooti \u00fcle 60-ne (loe: KUUEK\u00dcMNE) kaltsuvaiba.<\/p>\n","protected":false},"author":1,"featured_media":0,"parent":0,"menu_order":0,"comment_status":"closed","ping_status":"closed","template":"","meta":{"_price":"","_stock":"","_tribe_ticket_header":"","_tribe_default_ticket_provider":"","_tribe_ticket_capacity":"0","_ticket_start_date":"","_ticket_end_date":"","_tribe_ticket_show_description":"","_tribe_ticket_show_not_going":false,"_tribe_ticket_use_global_stock":"","_tribe_ticket_global_stock_level":"","_global_stock_mode":"","_global_stock_cap":"","_tribe_rsvp_for_event":"","_tribe_ticket_going_count":"","_tribe_ticket_not_going_count":"","_tribe_tickets_list":"[]","_tribe_ticket_has_attendee_info_fields":false,"footnotes":""},"class_list":["post-866","page","type-page","status-publish","hentry"],"ticketed":false,"_links":{"self":[{"href":"https:\/\/rkk.ee\/en\/wp-json\/wp\/v2\/pages\/866","targetHints":{"allow":["GET"]}}],"collection":[{"href":"https:\/\/rkk.ee\/en\/wp-json\/wp\/v2\/pages"}],"about":[{"href":"https:\/\/rkk.ee\/en\/wp-json\/wp\/v2\/types\/page"}],"author":[{"embeddable":true,"href":"https:\/\/rkk.ee\/en\/wp-json\/wp\/v2\/users\/1"}],"replies":[{"embeddable":true,"href":"https:\/\/rkk.ee\/en\/wp-json\/wp\/v2\/comments?post=866"}],"version-history":[{"count":6,"href":"https:\/\/rkk.ee\/en\/wp-json\/wp\/v2\/pages\/866\/revisions"}],"predecessor-version":[{"id":873,"href":"https:\/\/rkk.ee\/en\/wp-json\/wp\/v2\/pages\/866\/revisions\/873"}],"wp:attachment":[{"href":"https:\/\/rkk.ee\/en\/wp-json\/wp\/v2\/media?parent=866"}],"curies":[{"name":"wp","href":"https:\/\/api.w.org\/{rel}","templated":true}]}}