{"id":3441,"date":"2021-07-09T14:23:02","date_gmt":"2021-07-09T14:23:02","guid":{"rendered":"https:\/\/rkk.ee\/the-village-society\/projektid\/"},"modified":"2023-04-10T12:21:49","modified_gmt":"2023-04-10T10:21:49","slug":"projektid","status":"publish","type":"page","link":"https:\/\/rkk.ee\/en\/the-village-society\/projektid\/","title":{"rendered":"Projektid"},"content":{"rendered":"<p>Our support: J\u00d5EL\u00c4HTME VALD, we are grateful!<\/p>\n<ol>\n<li>K\u00e4spre Talu Lauda Renoveerimine ja K\u00fclamuuseumiks Kohandamine<br \/>\nK\u00fclade Taastamine ja Arendamine<br \/>\nRiikliku Arengukava Meede 3.2 &nbsp;(PRIA)<br \/>\n2004-2005<\/li>\n<li>Rootsi-Kallavere K\u00fcla Muuseumi laienduse projekteerimine<br \/>\nP\u00f5hja-Harju Koost\u00f6\u00f6kogu Leader Grupp<br \/>\nKOGUKONDADE ISIKUP\u00c4RA, SIDUSUS JA ARENG (MEEDE 1)<br \/>\n2010-2011<\/li>\n<li>Kallavere k\u00fcla k\u00e4sit\u00f6\u00f6toa sisustamine ja kangastelgedel kudumise kursuste korraldamine<br \/>\nKohaliku Omaalgatuse Programm (EAS)<br \/>\n2010-2011<\/li>\n<li>Kallavere k\u00fcla kodulehe ja k\u00fcla tutvustava infotahvli valmimine<br \/>\nKohaliku Omaalgatuse Programm (EAS)<br \/>\n2010-2011<\/li>\n<li>Rootsi-Kallavere K\u00fcla Muuseumisse turvakaamerate ja soojustite paigaldamine<br \/>\nP\u00f5hja-Harju Koost\u00f6\u00f6kogu Leader Grupp<br \/>\nK\u00dcLAKOGUKONDADE \u00dcHENDAMINE JA ARENDAMINE (MEEDE 1)<br \/>\n2010-2011<\/li>\n<li>Rootsi-Kallavere K\u00fcla Muuseumi laienduse projekteerimine<br \/>\nP\u00f5hja-Harju Koost\u00f6\u00f6kogu Leader Grupp<br \/>\nK\u00dcLAKOGUKONDADE \u00dcHENDAMINE JA ARENDAMINE (MEEDE 1)<br \/>\n2010-2012<\/li>\n<li>Rootsi-Kallavere K\u00fcla Muuseumi hooldusremont<br \/>\nKohaliku Omaalgatuse Programm<br \/>\n2011-2012<\/li>\n<li>Infotahvel merenduslikule ekspositsioonile<br \/>\nEesti Kultuurkapital<br \/>\n2014<\/li>\n<li>Rootsi-Kallavere K\u00fclamuuseumi 10. s\u00fcnnip\u00e4eva t\u00e4histamine<br \/>\nEesti Kultuurkapital<br \/>\n2016<\/li>\n<li>Roots-Kallavere K\u00fclamuuseumi katuse hooldus ja t\u00f5rvamine<br \/>\nKodaniku\u00fchiskonna Sihtkapital (K\u00dcSK)<br \/>\nKOP programm 2016 kevadvoor (Meede 2) \u2013 elukeskkonna ja kogukonnateenuste arendamine 2016<\/li>\n<li>K\u00e4spre talu k\u00f5rvalhoone (laut-ait) rekonstrueerimine, muuseumi laiendus<br \/>\nP\u00f5hja-Harju Koost\u00f6\u00f6kogu Leader Grupp<br \/>\nEesti maaelu arengukava (MAK) meede 19.3 \u201cElukeskkonna v\u00e4\u00e4rtustamine\u201d. (PRIA)<br \/>\n2017-2018<\/li>\n<li>Rootsi-Kallavere K\u00fclamuuseumi hoone ukse ja akende renoveerimine<br \/>\nKodaniku\u00fchiskonna Sihtkapital (K\u00dcSK) KOP programm 2017 s\u00fcgisvoor (Meede 2) \u2013 elukeskkonna ja kogukonnateenuste arendamine 2018<\/li>\n<li>Rootsi-Kallavere K\u00fclamuuseumi v\u00e4lik\u00e4imla soetus ja paigaldus<br \/>\nHarjumaa Omavalitsuste Liit (HOL)<br \/>\nKOP programm 2018 s\u00fcgisvoor (Meede 2) \u2013 elukeskkonna ja kogukonnateenuste arendamine<br \/>\n2019<\/li>\n<li>Muuseumi k\u00f5rvalhoone automaatse tulekahjusignalisatsioonis\u00fcsteemiga varustamine<br \/>\nHarjumaa Omavalitsuste Liit (HOL)<br \/>\nKogukondliku turvalisuse Harjumaa toetusvoor 2018<br \/>\n2019<\/li>\n<\/ol>\n<ol start=\"15\" type=\"1\">\n<li>Kolme kontserdi ja Riho Joonase nim 2. trummip\u00e4eva korraldamine<br \/>\nEesti Kultuurkapital 2020<\/li>\n<li>Rootsi-Kallavere k\u00fclamuuseumi valvekaamerate soetamine ja paigaldus<br \/>\nHarjumaa Omavalitsuste Liit (HOL)<br \/>\nKogukondliku turvalisuse Harjumaa toetusvoor 2020<br \/>\n2020-2021 Kaasfinantseerija: J\u00f5el\u00e4htme Vald<\/li>\n<li>Rootsi-Kallavere k\u00fclamuuseumi k\u00f5rvalhoonele elektri paigaldamine Harjumaa Omavalitsuste Liit (HOL) KOP programm 2020 s\u00fcgisvoor (Meede 2) \u2013 elukeskkonna ja kogukonnateenuste arendamine 2021 Kaasfinantseerija: J\u00f5el\u00e4htme Vald<\/li>\n<li>Rootsi-Kallavere k\u00fcla suviste \u00fcrituste korraldamine \u2013 Eesti Kultuurkapital 2021<\/li>\n<li>Rootsi-Kallavere k\u00fcla muuseumi k\u00f5rvalhoonele paigaldati elekter.&nbsp;Projekti on rahastatud kohaliku omaalgatuse programmist. Projekti teostas Loo Elektriehoitus O\u00dc. Kogu projekti maksumus oli 8&nbsp;748\u20ac. Omaosalust aitas katta J\u00f5el\u00e4htme vald.<\/li>\n<li>Rootsi-Kallavere k\u00fcla suviste \u00fcrituste korraldamine \u2013 Eesti Kultuurkapital 2022<\/li>\n<li style=\"font-weight: 400;\" aria-level=\"1\"><span style=\"font-weight: 400;\">Muuseumihoone p\u00f5randa vahetus<\/span><span style=\"font-weight: 400;\"><br \/>\n<\/span><span style=\"font-weight: 400;\">Harjumaa Omavalitsuste Liit (HOL)<\/span><span style=\"font-weight: 400;\"><br \/>\n<\/span><span style=\"font-weight: 400;\">Harjumaa KOP s\u00fcgisvoor 2022 \u201eInvesteeringud ja kogukonnateenuste arendamine\u201c<\/span><span style=\"font-weight: 400;\"><br \/>\n<\/span><span style=\"font-weight: 400;\">Projekti kestvus: 03.10.2022 &#8211; 03.10.2023<\/span><\/li>\n<\/ol>\n","protected":false},"excerpt":{"rendered":"<p>Our support: J\u00d5EL\u00c4HTME VALD, we are grateful! K\u00e4spre Talu Lauda Renoveerimine ja K\u00fclamuuseumiks Kohandamine K\u00fclade Taastamine ja Arendamine Riikliku Arengukava Meede 3.2 &nbsp;(PRIA) 2004-2005 Rootsi-Kallavere K\u00fcla Muuseumi laienduse projekteerimine P\u00f5hja-Harju Koost\u00f6\u00f6kogu Leader Grupp KOGUKONDADE ISIKUP\u00c4RA, SIDUSUS JA ARENG (MEEDE 1) 2010-2011 Kallavere k\u00fcla k\u00e4sit\u00f6\u00f6toa sisustamine ja kangastelgedel kudumise kursuste korraldamine Kohaliku Omaalgatuse Programm (EAS) 2010-2011 Kallavere k\u00fcla kodulehe ja k\u00fcla tutvustava infotahvli valmimine Kohaliku Omaalgatuse Programm (EAS) 2010-2011 Rootsi-Kallavere K\u00fcla Muuseumisse turvakaamerate ja soojustite paigaldamine P\u00f5hja-Harju Koost\u00f6\u00f6kogu Leader Grupp K\u00dcLAKOGUKONDADE \u00dcHENDAMINE JA ARENDAMINE (MEEDE 1) 2010-2011 Rootsi-Kallavere K\u00fcla Muuseumi laienduse projekteerimine P\u00f5hja-Harju Koost\u00f6\u00f6kogu Leader Grupp K\u00dcLAKOGUKONDADE \u00dcHENDAMINE JA ARENDAMINE (MEEDE 1) 2010-2012 Rootsi-Kallavere K\u00fcla Muuseumi hooldusremont Kohaliku Omaalgatuse Programm 2011-2012 Infotahvel merenduslikule ekspositsioonile Eesti Kultuurkapital 2014 Rootsi-Kallavere K\u00fclamuuseumi 10. s\u00fcnnip\u00e4eva t\u00e4histamine Eesti Kultuurkapital 2016 Roots-Kallavere K\u00fclamuuseumi katuse hooldus ja t\u00f5rvamine Kodaniku\u00fchiskonna Sihtkapital (K\u00dcSK) KOP programm 2016 kevadvoor (Meede 2) \u2013 elukeskkonna ja kogukonnateenuste arendamine 2016 K\u00e4spre talu k\u00f5rvalhoone (laut-ait) rekonstrueerimine, muuseumi laiendus P\u00f5hja-Harju Koost\u00f6\u00f6kogu Leader Grupp Eesti maaelu arengukava (MAK) meede 19.3 \u201cElukeskkonna v\u00e4\u00e4rtustamine\u201d. (PRIA) 2017-2018 Rootsi-Kallavere K\u00fclamuuseumi hoone ukse ja akende renoveerimine Kodaniku\u00fchiskonna Sihtkapital (K\u00dcSK) KOP programm 2017 s\u00fcgisvoor (Meede 2) \u2013 elukeskkonna ja kogukonnateenuste arendamine 2018 Rootsi-Kallavere K\u00fclamuuseumi v\u00e4lik\u00e4imla soetus ja paigaldus Harjumaa Omavalitsuste Liit (HOL) KOP programm 2018 s\u00fcgisvoor (Meede 2) \u2013 elukeskkonna ja kogukonnateenuste arendamine 2019 Muuseumi k\u00f5rvalhoone automaatse tulekahjusignalisatsioonis\u00fcsteemiga varustamine Harjumaa Omavalitsuste Liit (HOL) Kogukondliku turvalisuse Harjumaa toetusvoor 2018 2019 Kolme kontserdi ja Riho Joonase nim 2. trummip\u00e4eva korraldamine Eesti Kultuurkapital 2020 Rootsi-Kallavere k\u00fclamuuseumi valvekaamerate soetamine ja paigaldus Harjumaa Omavalitsuste Liit (HOL) Kogukondliku turvalisuse Harjumaa toetusvoor 2020 2020-2021 Kaasfinantseerija: J\u00f5el\u00e4htme Vald Rootsi-Kallavere k\u00fclamuuseumi k\u00f5rvalhoonele elektri paigaldamine Harjumaa Omavalitsuste Liit (HOL) KOP programm 2020 s\u00fcgisvoor (Meede 2) \u2013 elukeskkonna ja kogukonnateenuste arendamine 2021 Kaasfinantseerija: J\u00f5el\u00e4htme Vald Rootsi-Kallavere k\u00fcla suviste \u00fcrituste korraldamine \u2013 Eesti Kultuurkapital 2021 Rootsi-Kallavere k\u00fcla muuseumi k\u00f5rvalhoonele paigaldati elekter.&nbsp;Projekti on rahastatud kohaliku omaalgatuse programmist. Projekti teostas Loo Elektriehoitus O\u00dc. Kogu projekti maksumus oli 8&nbsp;748\u20ac. Omaosalust aitas katta J\u00f5el\u00e4htme vald. Rootsi-Kallavere k\u00fcla suviste \u00fcrituste korraldamine \u2013 Eesti Kultuurkapital 2022 Muuseumihoone p\u00f5randa vahetus Harjumaa Omavalitsuste Liit (HOL) Harjumaa KOP s\u00fcgisvoor 2022 \u201eInvesteeringud ja kogukonnateenuste arendamine\u201c Projekti kestvus: 03.10.2022 &#8211; 03.10.2023<\/p>\n","protected":false},"author":1,"featured_media":0,"parent":2259,"menu_order":0,"comment_status":"closed","ping_status":"closed","template":"","meta":{"_price":"","_stock":"","_tribe_ticket_header":"","_tribe_default_ticket_provider":"","_tribe_ticket_capacity":"0","_ticket_start_date":"","_ticket_end_date":"","_tribe_ticket_show_description":"","_tribe_ticket_show_not_going":false,"_tribe_ticket_use_global_stock":"","_tribe_ticket_global_stock_level":"","_global_stock_mode":"","_global_stock_cap":"","_tribe_rsvp_for_event":"","_tribe_ticket_going_count":"","_tribe_ticket_not_going_count":"","_tribe_tickets_list":"[]","_tribe_ticket_has_attendee_info_fields":false,"footnotes":""},"class_list":["post-3441","page","type-page","status-publish","hentry"],"ticketed":false,"_links":{"self":[{"href":"https:\/\/rkk.ee\/en\/wp-json\/wp\/v2\/pages\/3441","targetHints":{"allow":["GET"]}}],"collection":[{"href":"https:\/\/rkk.ee\/en\/wp-json\/wp\/v2\/pages"}],"about":[{"href":"https:\/\/rkk.ee\/en\/wp-json\/wp\/v2\/types\/page"}],"author":[{"embeddable":true,"href":"https:\/\/rkk.ee\/en\/wp-json\/wp\/v2\/users\/1"}],"replies":[{"embeddable":true,"href":"https:\/\/rkk.ee\/en\/wp-json\/wp\/v2\/comments?post=3441"}],"version-history":[{"count":2,"href":"https:\/\/rkk.ee\/en\/wp-json\/wp\/v2\/pages\/3441\/revisions"}],"predecessor-version":[{"id":3480,"href":"https:\/\/rkk.ee\/en\/wp-json\/wp\/v2\/pages\/3441\/revisions\/3480"}],"up":[{"embeddable":true,"href":"https:\/\/rkk.ee\/en\/wp-json\/wp\/v2\/pages\/2259"}],"wp:attachment":[{"href":"https:\/\/rkk.ee\/en\/wp-json\/wp\/v2\/media?parent=3441"}],"curies":[{"name":"wp","href":"https:\/\/api.w.org\/{rel}","templated":true}]}}