{"id":3436,"date":"2021-07-06T18:14:01","date_gmt":"2021-07-06T18:14:01","guid":{"rendered":"https:\/\/rkk.ee\/raamatud\/"},"modified":"2023-04-10T10:50:06","modified_gmt":"2023-04-10T08:50:06","slug":"raamatud","status":"publish","type":"page","link":"https:\/\/rkk.ee\/en\/raamatud\/","title":{"rendered":"Books"},"content":{"rendered":"\n<div class=\"wp-block-media-text alignwide is-stacked-on-mobile\" style=\"grid-template-columns:33% auto\"><figure class=\"wp-block-media-text__media\"><a href=\"http:\/\/rkk.ee\/wordpress\/raamatud\/kallavere-lillevere-pasies-1241-2006\/\"><img loading=\"lazy\" decoding=\"async\" width=\"221\" height=\"299\" src=\"https:\/\/rkk.ee\/wordpress\/wp-content\/uploads\/2021\/07\/ku\u0308laraamatu-kaas1.jpg\" alt=\"\" class=\"wp-image-2200 size-full\"\/><\/a><\/figure><div class=\"wp-block-media-text__content\">\n<p class=\"has-large-font-size\">Kall\u00e6u\u00e6r\u00f8, Lill\u00e6uer\u00e6, Pasies<\/p>\n\n\n\n<p><\/p>\n<\/div><\/div>\n\n\n\n<p>Veel viimased<\/p>\n\n\n\n<div class=\"wp-block-media-text alignwide is-stacked-on-mobile\" style=\"grid-template-columns:33% auto\"><figure class=\"wp-block-media-text__media\"><a href=\"http:\/\/rkk.ee\/wordpress\/raamatud\/kallavere-kooli-lugu\/\"><img loading=\"lazy\" decoding=\"async\" width=\"218\" height=\"260\" src=\"https:\/\/rkk.ee\/wordpress\/wp-content\/uploads\/2021\/07\/KKL1.jpg\" alt=\"\" class=\"wp-image-2204 size-full\"\/><\/a><\/figure><div class=\"wp-block-media-text__content\">\n<p class=\"has-large-font-size\">Kallavere kooli lugu<\/p>\n<\/div><\/div>\n\n\n\n<p><meta charset=\"utf-8\">M\u00fc\u00fcdud<\/p>\n\n\n\n<div class=\"wp-block-media-text alignwide is-stacked-on-mobile\" style=\"grid-template-columns:42% auto\"><figure class=\"wp-block-media-text__media\"><a href=\"http:\/\/rkk.ee\/wordpress\/raamatud\/taavet-paasi-tutred\/\"><img loading=\"lazy\" decoding=\"async\" width=\"186\" height=\"299\" src=\"https:\/\/rkk.ee\/wordpress\/wp-content\/uploads\/2021\/07\/TaavetPaasitytred21.jpg\" alt=\"\" class=\"wp-image-2208 size-full\"\/><\/a><\/figure><div class=\"wp-block-media-text__content\">\n<p class=\"has-large-font-size\">Taavet Paasi t\u00fctred<\/p>\n<\/div><\/div>\n\n\n\n<p><meta charset=\"utf-8\">M\u00fc\u00fcdud<\/p>\n\n\n\n<div class=\"wp-block-media-text alignwide is-stacked-on-mobile\" style=\"grid-template-columns:38% auto\"><figure class=\"wp-block-media-text__media\"><a href=\"http:\/\/rkk.ee\/wordpress\/raamatud\/vaike-sober\/\"><img loading=\"lazy\" decoding=\"async\" width=\"210\" height=\"300\" src=\"https:\/\/rkk.ee\/wordpress\/wp-content\/uploads\/2021\/07\/Va\u0308ike-so\u0303ber.jpg\" alt=\"\" class=\"wp-image-2212 size-full\"\/><\/a><\/figure><div class=\"wp-block-media-text__content\">\n<p class=\"has-large-font-size\">V\u00e4ike s\u00f5ber<\/p>\n<\/div><\/div>\n\n\n\n<p>M\u00fc\u00fcdud<\/p>\n","protected":false},"excerpt":{"rendered":"<p>Kall\u00e6u\u00e6r\u00f8, Lill\u00e6uer\u00e6, Pasies Veel viimased Kallavere kooli lugu M\u00fc\u00fcdud Taavet Paasi t\u00fctred M\u00fc\u00fcdud V\u00e4ike s\u00f5ber M\u00fc\u00fcdud<\/p>\n","protected":false},"author":1,"featured_media":0,"parent":0,"menu_order":0,"comment_status":"closed","ping_status":"closed","template":"","meta":{"_price":"","_stock":"","_tribe_ticket_header":"","_tribe_default_ticket_provider":"","_tribe_ticket_capacity":"0","_ticket_start_date":"","_ticket_end_date":"","_tribe_ticket_show_description":"","_tribe_ticket_show_not_going":false,"_tribe_ticket_use_global_stock":"","_tribe_ticket_global_stock_level":"","_global_stock_mode":"","_global_stock_cap":"","_tribe_rsvp_for_event":"","_tribe_ticket_going_count":"","_tribe_ticket_not_going_count":"","_tribe_tickets_list":"[]","_tribe_ticket_has_attendee_info_fields":false,"footnotes":""},"class_list":["post-3436","page","type-page","status-publish","hentry"],"ticketed":false,"_links":{"self":[{"href":"https:\/\/rkk.ee\/en\/wp-json\/wp\/v2\/pages\/3436","targetHints":{"allow":["GET"]}}],"collection":[{"href":"https:\/\/rkk.ee\/en\/wp-json\/wp\/v2\/pages"}],"about":[{"href":"https:\/\/rkk.ee\/en\/wp-json\/wp\/v2\/types\/page"}],"author":[{"embeddable":true,"href":"https:\/\/rkk.ee\/en\/wp-json\/wp\/v2\/users\/1"}],"replies":[{"embeddable":true,"href":"https:\/\/rkk.ee\/en\/wp-json\/wp\/v2\/comments?post=3436"}],"version-history":[{"count":2,"href":"https:\/\/rkk.ee\/en\/wp-json\/wp\/v2\/pages\/3436\/revisions"}],"predecessor-version":[{"id":3439,"href":"https:\/\/rkk.ee\/en\/wp-json\/wp\/v2\/pages\/3436\/revisions\/3439"}],"wp:attachment":[{"href":"https:\/\/rkk.ee\/en\/wp-json\/wp\/v2\/media?parent=3436"}],"curies":[{"name":"wp","href":"https:\/\/api.w.org\/{rel}","templated":true}]}}