{"id":278,"date":"2015-07-20T14:23:32","date_gmt":"2015-07-20T14:23:32","guid":{"rendered":"http:\/\/localhost:8888\/vestige\/?page_id=278"},"modified":"2023-09-01T13:29:42","modified_gmt":"2023-09-01T11:29:42","slug":"contacts","status":"publish","type":"page","link":"https:\/\/rkk.ee\/en\/contacts\/","title":{"rendered":"Contacts"},"content":{"rendered":"<div id=\"pl-278\"  class=\"panel-layout\" ><div id=\"pg-278-0\"  class=\"panel-grid panel-no-style\" ><div id=\"pgc-278-0-0\"  class=\"panel-grid-cell\" ><div id=\"panel-278-0-0-0\" class=\"so-panel widget widget_black-studio-tinymce widget_black_studio_tinymce panel-first-child\" data-index=\"0\" ><div class=\"textwidget\"><h4 class=\"accent-color short\">Thank you for visiting<\/h4>\n<p>Village is located about twenty kilometers from Tallinn, near city Maardu linna and phosphorite quarry.<\/p>\n<p>You can find us in Facebook: <a href=\"https:\/\/www.facebook.com\/rootsi.kallavere\" target=\"_blank\" rel=\"noopener\">https:\/\/www.facebook.com\/rootsi.kallavere<\/a><\/p>\n<\/div><\/div><div id=\"panel-278-0-0-1\" class=\"widget_text so-panel widget widget_custom_html\" data-index=\"1\" ><div class=\"textwidget custom-html-widget\"><iframe loading=\"lazy\" src=\"https:\/\/www.google.com\/maps\/d\/embed?mid=1zXvgwnKTf0lRnVsbZz7yyhVI3gY&hl=en\" width=\"640\" height=\"480\"><\/iframe><\/div><\/div><div id=\"panel-278-0-0-2\" class=\"so-panel widget widget_black-studio-tinymce widget_black_studio_tinymce panel-last-child\" data-index=\"2\" ><div class=\"textwidget\"><h2>We are happy to hear about your experiences, questions and suggestions<\/h2>\n<p>\n<div class=\"wpcf7 no-js\" id=\"wpcf7-f644-o1\" lang=\"en-US\" dir=\"ltr\" data-wpcf7-id=\"644\">\n<div class=\"screen-reader-response\"><p role=\"status\" aria-live=\"polite\" aria-atomic=\"true\"><\/p> <ul><\/ul><\/div>\n<form action=\"\/en\/wp-json\/wp\/v2\/pages\/278#wpcf7-f644-o1\" method=\"post\" class=\"wpcf7-form init\" aria-label=\"Contact form\" novalidate=\"novalidate\" data-status=\"init\">\n<fieldset class=\"hidden-fields-container\"><input type=\"hidden\" name=\"_wpcf7\" value=\"644\" \/><input type=\"hidden\" name=\"_wpcf7_version\" value=\"6.1.5\" \/><input type=\"hidden\" name=\"_wpcf7_locale\" value=\"en_US\" \/><input type=\"hidden\" name=\"_wpcf7_unit_tag\" value=\"wpcf7-f644-o1\" \/><input type=\"hidden\" name=\"_wpcf7_container_post\" value=\"0\" \/><input type=\"hidden\" name=\"_wpcf7_posted_data_hash\" value=\"\" \/>\n<\/fieldset>\n<div class=\"row\">\n\t<div class=\"col-md-6\">\n\t\t<div class=\"form-group\">\n\t\t\t<p><span class=\"wpcf7-form-control-wrap\" data-name=\"fname\"><input size=\"40\" maxlength=\"400\" class=\"wpcf7-form-control wpcf7-text wpcf7-validates-as-required form-control input-lg\" aria-required=\"true\" aria-invalid=\"false\" placeholder=\"First name*\" value=\"\" type=\"text\" name=\"fname\" \/><\/span>\n\t\t\t<\/p>\n\t\t<\/div>\n\t<\/div>\n\t<div class=\"col-md-6\">\n\t\t<div class=\"form-group\">\n\t\t\t<p><span class=\"wpcf7-form-control-wrap\" data-name=\"lname\"><input size=\"40\" maxlength=\"400\" class=\"wpcf7-form-control wpcf7-text form-control input-lg\" aria-invalid=\"false\" placeholder=\"Surname\" value=\"\" type=\"text\" name=\"lname\" \/><\/span>\n\t\t\t<\/p>\n\t\t<\/div>\n\t<\/div>\n\t<div class=\"col-md-6\">\n\t\t<div class=\"form-group\">\n\t\t\t<p><span class=\"wpcf7-form-control-wrap\" data-name=\"email\"><input size=\"40\" maxlength=\"400\" class=\"wpcf7-form-control wpcf7-email wpcf7-validates-as-required wpcf7-text wpcf7-validates-as-email form-control input-lg\" aria-required=\"true\" aria-invalid=\"false\" placeholder=\"Email*\" value=\"\" type=\"email\" name=\"email\" \/><\/span>\n\t\t\t<\/p>\n\t\t<\/div>\n\t<\/div>\n\t<div class=\"col-md-6\">\n\t\t<div class=\"form-group\">\n\t\t\t<p><span class=\"wpcf7-form-control-wrap\" data-name=\"phone\"><input size=\"40\" maxlength=\"400\" class=\"wpcf7-form-control wpcf7-tel wpcf7-validates-as-required wpcf7-text wpcf7-validates-as-tel form-control input-lg\" aria-required=\"true\" aria-invalid=\"false\" placeholder=\"Phone\" value=\"\" type=\"tel\" name=\"phone\" \/><\/span>\n\t\t\t<\/p>\n\t\t<\/div>\n\t<\/div>\n<\/div>\n<div class=\"row\">\n\t<div class=\"col-md-12\">\n\t\t<div class=\"form-group\">\n\t\t\t<p><span class=\"wpcf7-form-control-wrap\" data-name=\"comments\"><textarea cols=\"40\" rows=\"10\" maxlength=\"2000\" class=\"wpcf7-form-control wpcf7-textarea form-control input-lg\" aria-invalid=\"false\" placeholder=\"Message\" name=\"comments\"><\/textarea><\/span>\n\t\t\t<\/p>\n\t\t<\/div>\n\t<\/div>\n<\/div>\n<div class=\"row\">\n\t<div class=\"col-md-12\">\n\t\t<div class=\"spacer-20\">\n\t\t<\/div>\n\t\t<p><input class=\"wpcf7-form-control wpcf7-submit has-spinner btn btn-primary btn-lg btn-block\" type=\"submit\" value=\"Send\" \/>\n\t\t<\/p>\n\t<\/div>\n<\/div><p style=\"display: none !important;\" class=\"akismet-fields-container\" data-prefix=\"_wpcf7_ak_\"><label>&#916;<textarea name=\"_wpcf7_ak_hp_textarea\" cols=\"45\" rows=\"8\" maxlength=\"100\"><\/textarea><\/label><input type=\"hidden\" id=\"ak_js_1\" name=\"_wpcf7_ak_js\" value=\"165\"\/><script>document.getElementById( \"ak_js_1\" ).setAttribute( \"value\", ( new Date() ).getTime() );<\/script><\/p><div class=\"wpcf7-response-output\" aria-hidden=\"true\"><\/div>\n<\/form>\n<\/div>\n<\/p>\n<\/div><\/div><\/div><div id=\"pgc-278-0-1\"  class=\"panel-grid-cell\" ><div id=\"panel-278-0-1-0\" class=\"so-panel widget widget_text panel-first-child\" data-index=\"3\" ><h3 class=\"widget-title\">Our Contacts<\/h3>\t\t\t<div class=\"textwidget\"><address>\n                        \t<a href=\"#\"><strong>Kallavere village<\/strong><\/a><br>\n                            <span>J\u00f5el\u00e4htme parish,<br>\n\t\t\t\t\t\t\tHarjumaa<\/span>\n                       \t<\/address>\n                        <hr>\n                        <address>\n                        \t    <a href=\"#\"><strong>Museum<\/strong><\/a><br>\n                             <span>\n                                 K\u00e4spre farm<br>\n\t\t\t        Rootsi-Kallavere tee 4<br>\n                                 Kallavere village<br>\n                                 J\u00f5el\u00e4htme parish<br>\n                                 Harjumaa<br>\n                                 74121<br>\n                                 <br>\n                             <\/span>\n                       \t<\/address>\n                             <span>\n                                 Museum is open based on previous agreement, please agree time on phone numbers below.<br>\n\t\t\t        <br>\n\t\t\t        +372  507 7685 Priit<br>\n                                 +372  513 8160 Kersti<br>\n                                 Email: <a href=\"mailto:museum@rkk.ee\">museum@rkk.ee<\/a><br>\n                               <\/span>\n                        <hr>\n                        <address>\n                        \t<a href=\"#\"><strong>Village society<\/strong><\/a><br>\n                            <span>MT\u00dc Rootsi-Kallavere K\u00fcla Selts<br>\n\t\t\t\t\t\t\treg. nr: 80143587<br>\n\t\t\t\t\t\t\tEE582200221016963046<br><br>\n\t\t\t\t\t\t\tEmail: <a href=\"mailto:selts@rkk.ee\">selts@rkk.ee<\/a><\/span>\n                       \t<\/address><\/div>\n\t\t<\/div><div id=\"panel-278-0-1-1\" class=\"so-panel widget widget_sow-google-map panel-last-child\" data-index=\"4\" ><div\n\t\t\t\n\t\t\tclass=\"so-widget-sow-google-map so-widget-sow-google-map-default-dfba216d3c8e-278\"\n\t\t\t\n\t\t>\n<div class=\"sow-google-map-canvas\"\n\tstyle=\"\"\n\tid=\"map-canvas-96d50221a5326bccb22d9ab08efd44eb\"\n\tdata-options=\"{&quot;address&quot;:&quot;2500 CityWest Blvd. - Suite 300 Houston, Texas - 77042 USA&quot;,&quot;zoom&quot;:12,&quot;mobileZoom&quot;:12,&quot;gestureHandling&quot;:&quot;cooperative&quot;,&quot;disableUi&quot;:false,&quot;markerIcon&quot;:&quot;https:\\\/\\\/rkk.ee\\\/wordpress\\\/wp-content\\\/uploads\\\/2015\\\/07\\\/2.png&quot;,&quot;markersDraggable&quot;:false,&quot;markerAtCenter&quot;:true,&quot;markerInfoDisplay&quot;:&quot;click&quot;,&quot;markerInfoMultiple&quot;:true,&quot;markerPositions&quot;:[{&quot;place&quot;:&quot;2500 CityWest Blvd. - Suite 300 Houston, Texas - 77042 USA&quot;,&quot;info&quot;:&quot;&quot;,&quot;infoSelectedEditor&quot;:&quot;tinymce&quot;,&quot;infoMaxWidth&quot;:&quot;&quot;,&quot;customMarkerIcon&quot;:0,&quot;customMarkerIconSize&quot;:&quot;&quot;}],&quot;mapName&quot;:false,&quot;mapStyles&quot;:false,&quot;directions&quot;:&quot;&quot;,&quot;apiKey&quot;:&quot;AIzaSyAqjZDCpbfjeKqtU_ef4Y1rfxoVMrC-30Q&quot;,&quot;breakpoint&quot;:780,&quot;id&quot;:&quot;69d6b2&quot;}\"\n\tdata-fallback-image=\"{&quot;img&quot;:&quot;&quot;}\"><\/div>\n<\/div><\/div><\/div><\/div><\/div>","protected":false},"excerpt":{"rendered":"<p>Thank you for visiting Village is located about twenty kilometers from Tallinn, near city Maardu linna and phosphorite quarry. You can find us in Facebook: https:\/\/www.facebook.com\/rootsi.kallavere We are happy to hear about your experiences, questions and suggestions Kallavere village J\u00f5el\u00e4htme parish, Harjumaa Museum K\u00e4spre farm Rootsi-Kallavere tee 4 Kallavere village J\u00f5el\u00e4htme parish Harjumaa 74121 Museum is open based on previous agreement, please agree time on phone numbers below. +372 507 7685 Priit +372 513 8160 Kersti Email: museum@rkk.ee Village society MT\u00dc Rootsi-Kallavere K\u00fcla Selts reg. nr: 80143587 EE582200221016963046 Email: selts@rkk.ee<\/p>\n","protected":false},"author":1,"featured_media":0,"parent":0,"menu_order":0,"comment_status":"closed","ping_status":"closed","template":"","meta":{"_price":"","_stock":"","_tribe_ticket_header":"","_tribe_default_ticket_provider":"","_tribe_ticket_capacity":"0","_ticket_start_date":"","_ticket_end_date":"","_tribe_ticket_show_description":"","_tribe_ticket_show_not_going":false,"_tribe_ticket_use_global_stock":"","_tribe_ticket_global_stock_level":"","_global_stock_mode":"","_global_stock_cap":"","_tribe_rsvp_for_event":"","_tribe_ticket_going_count":"","_tribe_ticket_not_going_count":"","_tribe_tickets_list":"[]","_tribe_ticket_has_attendee_info_fields":false,"footnotes":""},"class_list":["post-278","page","type-page","status-publish","hentry"],"ticketed":false,"_links":{"self":[{"href":"https:\/\/rkk.ee\/en\/wp-json\/wp\/v2\/pages\/278","targetHints":{"allow":["GET"]}}],"collection":[{"href":"https:\/\/rkk.ee\/en\/wp-json\/wp\/v2\/pages"}],"about":[{"href":"https:\/\/rkk.ee\/en\/wp-json\/wp\/v2\/types\/page"}],"author":[{"embeddable":true,"href":"https:\/\/rkk.ee\/en\/wp-json\/wp\/v2\/users\/1"}],"replies":[{"embeddable":true,"href":"https:\/\/rkk.ee\/en\/wp-json\/wp\/v2\/comments?post=278"}],"version-history":[{"count":43,"href":"https:\/\/rkk.ee\/en\/wp-json\/wp\/v2\/pages\/278\/revisions"}],"predecessor-version":[{"id":4010,"href":"https:\/\/rkk.ee\/en\/wp-json\/wp\/v2\/pages\/278\/revisions\/4010"}],"wp:attachment":[{"href":"https:\/\/rkk.ee\/en\/wp-json\/wp\/v2\/media?parent=278"}],"curies":[{"name":"wp","href":"https:\/\/api.w.org\/{rel}","templated":true}]}}