{"id":2256,"date":"2021-08-06T12:51:25","date_gmt":"2021-08-06T12:51:25","guid":{"rendered":"http:\/\/rkk.ee\/wordpress\/?page_id=2256"},"modified":"2021-09-12T15:52:15","modified_gmt":"2021-09-12T13:52:15","slug":"muuseumi-kontakt","status":"publish","type":"page","link":"https:\/\/rkk.ee\/en\/muuseumi-kontakt\/","title":{"rendered":"Museum contacts"},"content":{"rendered":"<p>Rootsi-Kallavere Museum<br \/>\nK\u00e4spre talu<br \/>\nRootsi-Kallavere tee 4<br \/>\nKallavere k\u00fcla<br \/>\nJ\u00f5el\u00e4htme vald<br \/>\nHarju County<br \/>\n74121<\/p>\n<p>Museum is open based on previous agreement, please contact us by phone or email to agree visiting time.<\/p>\n<p>+372 507 7685 Priit<br \/>\n+372 513 8160 Kersti<br \/>\nEmail: museum@rkk.ee<\/p>\n","protected":false},"excerpt":{"rendered":"<p>Rootsi-Kallavere Museum K\u00e4spre talu Rootsi-Kallavere tee 4 Kallavere k\u00fcla J\u00f5el\u00e4htme vald Harju County 74121 Museum is open based on previous agreement, please contact us by phone or email to agree visiting time. +372 507 7685 Priit +372 513 8160 Kersti Email: museum@rkk.ee<\/p>\n","protected":false},"author":1,"featured_media":0,"parent":0,"menu_order":0,"comment_status":"closed","ping_status":"closed","template":"","meta":{"_price":"","_stock":"","_tribe_ticket_header":"","_tribe_default_ticket_provider":"","_tribe_ticket_capacity":"0","_ticket_start_date":"","_ticket_end_date":"","_tribe_ticket_show_description":"","_tribe_ticket_show_not_going":false,"_tribe_ticket_use_global_stock":"","_tribe_ticket_global_stock_level":"","_global_stock_mode":"","_global_stock_cap":"","_tribe_rsvp_for_event":"","_tribe_ticket_going_count":"","_tribe_ticket_not_going_count":"","_tribe_tickets_list":"[]","_tribe_ticket_has_attendee_info_fields":false,"footnotes":""},"class_list":["post-2256","page","type-page","status-publish","hentry"],"ticketed":false,"_links":{"self":[{"href":"https:\/\/rkk.ee\/en\/wp-json\/wp\/v2\/pages\/2256","targetHints":{"allow":["GET"]}}],"collection":[{"href":"https:\/\/rkk.ee\/en\/wp-json\/wp\/v2\/pages"}],"about":[{"href":"https:\/\/rkk.ee\/en\/wp-json\/wp\/v2\/types\/page"}],"author":[{"embeddable":true,"href":"https:\/\/rkk.ee\/en\/wp-json\/wp\/v2\/users\/1"}],"replies":[{"embeddable":true,"href":"https:\/\/rkk.ee\/en\/wp-json\/wp\/v2\/comments?post=2256"}],"version-history":[{"count":3,"href":"https:\/\/rkk.ee\/en\/wp-json\/wp\/v2\/pages\/2256\/revisions"}],"predecessor-version":[{"id":2398,"href":"https:\/\/rkk.ee\/en\/wp-json\/wp\/v2\/pages\/2256\/revisions\/2398"}],"wp:attachment":[{"href":"https:\/\/rkk.ee\/en\/wp-json\/wp\/v2\/media?parent=2256"}],"curies":[{"name":"wp","href":"https:\/\/api.w.org\/{rel}","templated":true}]}}