{"id":1481,"date":"2021-07-09T15:21:31","date_gmt":"2021-07-09T15:21:31","guid":{"rendered":"http:\/\/rkk.ee\/wordpress\/?page_id=1481"},"modified":"2023-09-01T13:27:52","modified_gmt":"2023-09-01T11:27:52","slug":"information","status":"publish","type":"page","link":"https:\/\/rkk.ee\/en\/the-village-of-kallavere\/information\/","title":{"rendered":"Information"},"content":{"rendered":"<ul>\n<li><a href=\"http:\/\/rkk.ee\/wordpress\/infomaterjalid\/1693-aasta-johan-holmbergi-kaart\/\">1693. Johan Holmbergi map<\/a><\/li>\n<li><a href=\"http:\/\/rkk.ee\/wordpress\/infomaterjalid\/kallavere-kula-1939-40-kaart\/\">Kallavere k\u00fcla 1939-40 kaart<\/a><\/li>\n<li><a href=\"http:\/\/rkk.ee\/wordpress\/infomaterjalid\/kallavere-kula-2011-kaart\/\">Kallavere k\u00fcla 2011 kaart<\/a><\/li>\n<li><a href=\"http:\/\/rkk.ee\/wordpress\/infomaterjalid\/kula-majapidamiste-nimekiri-2010\/\">K\u00fcla majapidamiste nimekiri 2010<\/a><\/li>\n<li><a href=\"http:\/\/rkk.ee\/wordpress\/infomaterjalid\/arengukava-loomisel\/\">Arengukava (loomisel)<\/a><\/li>\n<li><a href=\"http:\/\/rkk.ee\/wordpress\/infomaterjalid\/inimesed-arvo-veski\/\">Inimesed &#8211; Arvo Veski<\/a><\/li>\n<\/ul>\n\n\n<p>&nbsp;<\/p>\n","protected":false},"excerpt":{"rendered":"<p>1693. Johan Holmbergi map Kallavere k\u00fcla 1939-40 kaart Kallavere k\u00fcla 2011 kaart K\u00fcla majapidamiste nimekiri 2010 Arengukava (loomisel) Inimesed &#8211; Arvo Veski &nbsp;<\/p>\n","protected":false},"author":1,"featured_media":0,"parent":2284,"menu_order":0,"comment_status":"closed","ping_status":"closed","template":"","meta":{"_price":"","_stock":"","_tribe_ticket_header":"","_tribe_default_ticket_provider":"","_tribe_ticket_capacity":"0","_ticket_start_date":"","_ticket_end_date":"","_tribe_ticket_show_description":"","_tribe_ticket_show_not_going":false,"_tribe_ticket_use_global_stock":"","_tribe_ticket_global_stock_level":"","_global_stock_mode":"","_global_stock_cap":"","_tribe_rsvp_for_event":"","_tribe_ticket_going_count":"","_tribe_ticket_not_going_count":"","_tribe_tickets_list":"[]","_tribe_ticket_has_attendee_info_fields":false,"footnotes":""},"class_list":["post-1481","page","type-page","status-publish","hentry"],"ticketed":false,"_links":{"self":[{"href":"https:\/\/rkk.ee\/en\/wp-json\/wp\/v2\/pages\/1481","targetHints":{"allow":["GET"]}}],"collection":[{"href":"https:\/\/rkk.ee\/en\/wp-json\/wp\/v2\/pages"}],"about":[{"href":"https:\/\/rkk.ee\/en\/wp-json\/wp\/v2\/types\/page"}],"author":[{"embeddable":true,"href":"https:\/\/rkk.ee\/en\/wp-json\/wp\/v2\/users\/1"}],"replies":[{"embeddable":true,"href":"https:\/\/rkk.ee\/en\/wp-json\/wp\/v2\/comments?post=1481"}],"version-history":[{"count":3,"href":"https:\/\/rkk.ee\/en\/wp-json\/wp\/v2\/pages\/1481\/revisions"}],"predecessor-version":[{"id":4008,"href":"https:\/\/rkk.ee\/en\/wp-json\/wp\/v2\/pages\/1481\/revisions\/4008"}],"up":[{"embeddable":true,"href":"https:\/\/rkk.ee\/en\/wp-json\/wp\/v2\/pages\/2284"}],"wp:attachment":[{"href":"https:\/\/rkk.ee\/en\/wp-json\/wp\/v2\/media?parent=1481"}],"curies":[{"name":"wp","href":"https:\/\/api.w.org\/{rel}","templated":true}]}}